{"id":19,"date":"2024-11-02T13:30:50","date_gmt":"2024-11-02T11:30:50","guid":{"rendered":"https:\/\/radomirdesign.ro\/?page_id=19"},"modified":"2026-04-19T18:47:44","modified_gmt":"2026-04-19T16:47:44","slug":"home-page","status":"publish","type":"page","link":"https:\/\/radomirdesign.ro\/","title":{"rendered":"Home"},"content":{"rendered":"\t\t<div data-elementor-type=\"wp-page\" data-elementor-id=\"19\" class=\"elementor elementor-19\">\n\t\t\t\t<div class=\"elementor-element elementor-element-c039296 e-con-full e-flex e-con e-parent\" data-id=\"c039296\" data-element_type=\"container\" data-e-type=\"container\">\n\t\t<div class=\"elementor-element elementor-element-5ce678a e-con-full e-flex e-con e-child\" data-id=\"5ce678a\" data-element_type=\"container\" data-e-type=\"container\" data-settings=\"{&quot;background_background&quot;:&quot;classic&quot;}\">\n\t\t\t\t<div class=\"elementor-element elementor-element-619363a elementor-widget elementor-widget-text-editor\" data-id=\"619363a\" data-element_type=\"widget\" data-e-type=\"widget\" data-widget_type=\"text-editor.default\">\n\t\t\t\t<div class=\"elementor-widget-container\">\n\t\t\t\t\t\t\t\t\t<p><strong>Radomir Design<\/strong> este un studio de arhitectur\u0103 fondat \u00een Bucure\u0219ti \u00een 2011 de c\u0103tre Arh. Alin Radomir, dedicat cre\u0103rii de spa\u021bii unice, func\u021bionale \u0219i durabile.<\/p><p>De-a lungul anilor, am avut pl\u0103cerea de a colabora cu profesioni\u0219ti din diverse domenii, acumul\u00e2nd o experien\u021b\u0103 valoroas\u0103 \u00een consolid\u0103ri structurale, renov\u0103ri, securitate la incendiu \u0219i proiecte speciale.\u00a0<\/p><p>Cu o aten\u021bie deosebit\u0103 la detalii \u0219i o abordare personalizat\u0103, fiecare proiect este conceput s\u0103 r\u0103spund\u0103 perfect nevoilor \u0219i dorin\u021belor clien\u021bilor.<\/p>\t\t\t\t\t\t\t\t<\/div>\n\t\t\t\t<\/div>\n\t\t\t\t<\/div>\n\t\t<div class=\"elementor-element elementor-element-9c70a14 e-con-full e-flex e-con e-child\" data-id=\"9c70a14\" data-element_type=\"container\" data-e-type=\"container\">\n\t\t\t\t<div class=\"elementor-element elementor-element-d48735b elementor-arrows-position-inside elementor-widget elementor-widget-image-carousel\" data-id=\"d48735b\" data-element_type=\"widget\" data-e-type=\"widget\" data-settings=\"{&quot;slides_to_show&quot;:&quot;1&quot;,&quot;navigation&quot;:&quot;arrows&quot;,&quot;slides_to_show_mobile&quot;:&quot;1&quot;,&quot;speed&quot;:300,&quot;autoplay_speed&quot;:4000,&quot;autoplay&quot;:&quot;yes&quot;,&quot;pause_on_hover&quot;:&quot;yes&quot;,&quot;pause_on_interaction&quot;:&quot;yes&quot;,&quot;infinite&quot;:&quot;yes&quot;,&quot;effect&quot;:&quot;slide&quot;}\" data-widget_type=\"image-carousel.default\">\n\t\t\t\t<div class=\"elementor-widget-container\">\n\t\t\t\t\t\t\t<div class=\"elementor-image-carousel-wrapper swiper\" role=\"region\" aria-roledescription=\"carousel\" aria-label=\"Image Carousel\" dir=\"ltr\">\n\t\t\t<div class=\"elementor-image-carousel swiper-wrapper\" aria-live=\"off\">\n\t\t\t\t\t\t\t\t<div class=\"swiper-slide\" role=\"group\" aria-roledescription=\"slide\" aria-label=\"1 of 31\"><figure class=\"swiper-slide-inner\"><img decoding=\"async\" class=\"swiper-slide-image\" src=\"https:\/\/radomirdesign.ro\/wp-content\/uploads\/2024\/11\/01.webp\" alt=\"01\" \/><\/figure><\/div><div class=\"swiper-slide\" role=\"group\" aria-roledescription=\"slide\" aria-label=\"2 of 31\"><figure class=\"swiper-slide-inner\"><img decoding=\"async\" class=\"swiper-slide-image\" src=\"https:\/\/radomirdesign.ro\/wp-content\/uploads\/2024\/11\/02.webp\" alt=\"02\" \/><\/figure><\/div><div class=\"swiper-slide\" role=\"group\" aria-roledescription=\"slide\" aria-label=\"3 of 31\"><figure class=\"swiper-slide-inner\"><img decoding=\"async\" class=\"swiper-slide-image\" src=\"https:\/\/radomirdesign.ro\/wp-content\/uploads\/2025\/07\/04-v3.webp\" alt=\"04 v3\" \/><\/figure><\/div><div class=\"swiper-slide\" role=\"group\" aria-roledescription=\"slide\" aria-label=\"4 of 31\"><figure class=\"swiper-slide-inner\"><img decoding=\"async\" class=\"swiper-slide-image\" src=\"https:\/\/radomirdesign.ro\/wp-content\/uploads\/2025\/07\/BIANU-56-3.webp\" alt=\"BIANU 56 3\" \/><\/figure><\/div><div class=\"swiper-slide\" role=\"group\" aria-roledescription=\"slide\" aria-label=\"5 of 31\"><figure class=\"swiper-slide-inner\"><img decoding=\"async\" class=\"swiper-slide-image\" src=\"https:\/\/radomirdesign.ro\/wp-content\/uploads\/2025\/07\/BIANU-56-4.webp\" alt=\"BIANU 56 4\" \/><\/figure><\/div><div class=\"swiper-slide\" role=\"group\" aria-roledescription=\"slide\" aria-label=\"6 of 31\"><figure class=\"swiper-slide-inner\"><img decoding=\"async\" class=\"swiper-slide-image\" src=\"https:\/\/radomirdesign.ro\/wp-content\/uploads\/2025\/07\/Locuinta-Radomir-Design.webp\" alt=\"Locuinta Radomir Design\" \/><\/figure><\/div><div class=\"swiper-slide\" role=\"group\" aria-roledescription=\"slide\" aria-label=\"7 of 31\"><figure class=\"swiper-slide-inner\"><img decoding=\"async\" class=\"swiper-slide-image\" src=\"https:\/\/radomirdesign.ro\/wp-content\/uploads\/2024\/11\/03.webp\" alt=\"03\" \/><\/figure><\/div><div class=\"swiper-slide\" role=\"group\" aria-roledescription=\"slide\" aria-label=\"8 of 31\"><figure class=\"swiper-slide-inner\"><img decoding=\"async\" class=\"swiper-slide-image\" src=\"https:\/\/radomirdesign.ro\/wp-content\/uploads\/2026\/04\/NICORESTI-6.webp\" alt=\"NICORESTI 6\" \/><\/figure><\/div><div class=\"swiper-slide\" role=\"group\" aria-roledescription=\"slide\" aria-label=\"9 of 31\"><figure class=\"swiper-slide-inner\"><img decoding=\"async\" class=\"swiper-slide-image\" src=\"https:\/\/radomirdesign.ro\/wp-content\/uploads\/2026\/04\/NICORESTI-5.webp\" alt=\"NICORESTI 5\" \/><\/figure><\/div><div class=\"swiper-slide\" role=\"group\" aria-roledescription=\"slide\" aria-label=\"10 of 31\"><figure class=\"swiper-slide-inner\"><img decoding=\"async\" class=\"swiper-slide-image\" src=\"https:\/\/radomirdesign.ro\/wp-content\/uploads\/2026\/04\/SOR-3.webp\" alt=\"SOR 3\" \/><\/figure><\/div><div class=\"swiper-slide\" role=\"group\" aria-roledescription=\"slide\" aria-label=\"11 of 31\"><figure class=\"swiper-slide-inner\"><img decoding=\"async\" class=\"swiper-slide-image\" src=\"https:\/\/radomirdesign.ro\/wp-content\/uploads\/2024\/11\/gruiu-copy-1.webp\" alt=\"gruiu copy\" \/><\/figure><\/div><div class=\"swiper-slide\" role=\"group\" aria-roledescription=\"slide\" aria-label=\"12 of 31\"><figure class=\"swiper-slide-inner\"><img decoding=\"async\" class=\"swiper-slide-image\" src=\"https:\/\/radomirdesign.ro\/wp-content\/uploads\/2025\/07\/DSC07219y-2.webp\" alt=\"DSC07219y 2\" \/><\/figure><\/div><div class=\"swiper-slide\" role=\"group\" aria-roledescription=\"slide\" aria-label=\"13 of 31\"><figure class=\"swiper-slide-inner\"><img decoding=\"async\" class=\"swiper-slide-image\" src=\"https:\/\/radomirdesign.ro\/wp-content\/uploads\/2024\/11\/busteni2.webp\" alt=\"busteni2\" \/><\/figure><\/div><div class=\"swiper-slide\" role=\"group\" aria-roledescription=\"slide\" aria-label=\"14 of 31\"><figure class=\"swiper-slide-inner\"><img decoding=\"async\" class=\"swiper-slide-image\" src=\"https:\/\/radomirdesign.ro\/wp-content\/uploads\/2024\/11\/DSC07237-copy2.webp\" alt=\"DSC07237 copy2\" \/><\/figure><\/div><div class=\"swiper-slide\" role=\"group\" aria-roledescription=\"slide\" aria-label=\"15 of 31\"><figure class=\"swiper-slide-inner\"><img decoding=\"async\" class=\"swiper-slide-image\" src=\"https:\/\/radomirdesign.ro\/wp-content\/uploads\/2024\/11\/DSC07241-copy2.webp\" alt=\"DSC07241 copy2\" \/><\/figure><\/div><div class=\"swiper-slide\" role=\"group\" aria-roledescription=\"slide\" aria-label=\"16 of 31\"><figure class=\"swiper-slide-inner\"><img decoding=\"async\" class=\"swiper-slide-image\" src=\"https:\/\/radomirdesign.ro\/wp-content\/uploads\/2024\/11\/DSC07243-copy2.webp\" alt=\"DSC07243 copy2\" \/><\/figure><\/div><div class=\"swiper-slide\" role=\"group\" aria-roledescription=\"slide\" aria-label=\"17 of 31\"><figure class=\"swiper-slide-inner\"><img decoding=\"async\" class=\"swiper-slide-image\" src=\"https:\/\/radomirdesign.ro\/wp-content\/uploads\/2025\/09\/04-11.webp\" alt=\"04 11\" \/><\/figure><\/div><div class=\"swiper-slide\" role=\"group\" aria-roledescription=\"slide\" aria-label=\"18 of 31\"><figure class=\"swiper-slide-inner\"><img decoding=\"async\" class=\"swiper-slide-image\" src=\"https:\/\/radomirdesign.ro\/wp-content\/uploads\/2025\/09\/03-11.webp\" alt=\"03 11\" \/><\/figure><\/div><div class=\"swiper-slide\" role=\"group\" aria-roledescription=\"slide\" aria-label=\"19 of 31\"><figure class=\"swiper-slide-inner\"><img decoding=\"async\" class=\"swiper-slide-image\" src=\"https:\/\/radomirdesign.ro\/wp-content\/uploads\/2025\/09\/02-11.webp\" alt=\"02 11\" \/><\/figure><\/div><div class=\"swiper-slide\" role=\"group\" aria-roledescription=\"slide\" aria-label=\"20 of 31\"><figure class=\"swiper-slide-inner\"><img decoding=\"async\" class=\"swiper-slide-image\" src=\"https:\/\/radomirdesign.ro\/wp-content\/uploads\/2025\/11\/DSC07289-copy3.webp\" alt=\"DSC07289 copy3\" \/><\/figure><\/div><div class=\"swiper-slide\" role=\"group\" aria-roledescription=\"slide\" aria-label=\"21 of 31\"><figure class=\"swiper-slide-inner\"><img decoding=\"async\" class=\"swiper-slide-image\" src=\"https:\/\/radomirdesign.ro\/wp-content\/uploads\/2024\/11\/DSC07301-1.webp\" alt=\"DSC07301\" \/><\/figure><\/div><div class=\"swiper-slide\" role=\"group\" aria-roledescription=\"slide\" aria-label=\"22 of 31\"><figure class=\"swiper-slide-inner\"><img decoding=\"async\" class=\"swiper-slide-image\" src=\"https:\/\/radomirdesign.ro\/wp-content\/uploads\/2025\/04\/12.20.33_9b89babb-3.webp\" alt=\"12.20.33_9b89babb 3\" \/><\/figure><\/div><div class=\"swiper-slide\" role=\"group\" aria-roledescription=\"slide\" aria-label=\"23 of 31\"><figure class=\"swiper-slide-inner\"><img decoding=\"async\" class=\"swiper-slide-image\" src=\"https:\/\/radomirdesign.ro\/wp-content\/uploads\/2024\/11\/DSC07312-copy2.webp\" alt=\"DSC07312 copy2\" \/><\/figure><\/div><div class=\"swiper-slide\" role=\"group\" aria-roledescription=\"slide\" aria-label=\"24 of 31\"><figure class=\"swiper-slide-inner\"><img decoding=\"async\" class=\"swiper-slide-image\" src=\"https:\/\/radomirdesign.ro\/wp-content\/uploads\/2024\/11\/DSC073172.webp\" alt=\"DSC073172\" \/><\/figure><\/div><div class=\"swiper-slide\" role=\"group\" aria-roledescription=\"slide\" aria-label=\"25 of 31\"><figure class=\"swiper-slide-inner\"><img decoding=\"async\" class=\"swiper-slide-image\" src=\"https:\/\/radomirdesign.ro\/wp-content\/uploads\/2024\/11\/EXT-3-copy-1.webp\" alt=\"EXT 3 copy\" \/><\/figure><\/div><div class=\"swiper-slide\" role=\"group\" aria-roledescription=\"slide\" aria-label=\"26 of 31\"><figure class=\"swiper-slide-inner\"><img decoding=\"async\" class=\"swiper-slide-image\" src=\"https:\/\/radomirdesign.ro\/wp-content\/uploads\/2024\/11\/EXT-8-copy-1.webp\" alt=\"EXT 8 copy\" \/><\/figure><\/div><div class=\"swiper-slide\" role=\"group\" aria-roledescription=\"slide\" aria-label=\"27 of 31\"><figure class=\"swiper-slide-inner\"><img decoding=\"async\" class=\"swiper-slide-image\" src=\"https:\/\/radomirdesign.ro\/wp-content\/uploads\/2024\/11\/EXT-1-copy2.webp\" alt=\"EXT 1 copy2\" \/><\/figure><\/div><div class=\"swiper-slide\" role=\"group\" aria-roledescription=\"slide\" aria-label=\"28 of 31\"><figure class=\"swiper-slide-inner\"><img decoding=\"async\" class=\"swiper-slide-image\" src=\"https:\/\/radomirdesign.ro\/wp-content\/uploads\/2025\/07\/Hala-Radomir-Design.jpg\" alt=\"Hala Radomir Design\" \/><\/figure><\/div><div class=\"swiper-slide\" role=\"group\" aria-roledescription=\"slide\" aria-label=\"29 of 31\"><figure class=\"swiper-slide-inner\"><img decoding=\"async\" class=\"swiper-slide-image\" src=\"https:\/\/radomirdesign.ro\/wp-content\/uploads\/2025\/11\/bran-2.webp\" alt=\"bran 2\" \/><\/figure><\/div><div class=\"swiper-slide\" role=\"group\" aria-roledescription=\"slide\" aria-label=\"30 of 31\"><figure class=\"swiper-slide-inner\"><img decoding=\"async\" class=\"swiper-slide-image\" src=\"https:\/\/radomirdesign.ro\/wp-content\/uploads\/2025\/11\/bran-3.webp\" alt=\"bran 3\" \/><\/figure><\/div><div class=\"swiper-slide\" role=\"group\" aria-roledescription=\"slide\" aria-label=\"31 of 31\"><figure class=\"swiper-slide-inner\"><img decoding=\"async\" class=\"swiper-slide-image\" src=\"https:\/\/radomirdesign.ro\/wp-content\/uploads\/2025\/11\/bran-4.webp\" alt=\"bran 4\" \/><\/figure><\/div>\t\t\t<\/div>\n\t\t\t\t\t\t\t\t\t\t\t\t<div class=\"elementor-swiper-button elementor-swiper-button-prev\" role=\"button\" tabindex=\"0\">\n\t\t\t\t\t\t<svg xmlns=\"http:\/\/www.w3.org\/2000\/svg\" id=\"Layer_2\" viewBox=\"0 0 52.55 52.55\"><defs><style>.cls-1{fill:none;stroke:#231f20;stroke-linecap:round;stroke-linejoin:round;stroke-width:5px;}.cls-2{fill:#fff;stroke-width:0px;}<\/style><\/defs><g id=\"Layer_1-2\"><rect class=\"cls-2\" width=\"52.55\" height=\"52.55\" rx=\"10\" ry=\"10\"><\/rect><path class=\"cls-1\" d=\"M32.57,10.89c-.15.05-15.92,14.43-15.92,14.43l15.92,16.35\"><\/path><\/g><\/svg>\t\t\t\t\t<\/div>\n\t\t\t\t\t<div class=\"elementor-swiper-button elementor-swiper-button-next\" role=\"button\" tabindex=\"0\">\n\t\t\t\t\t\t<svg xmlns=\"http:\/\/www.w3.org\/2000\/svg\" id=\"Layer_2\" viewBox=\"0 0 52.55 52.55\"><defs><style>.cls-1{fill:none;stroke:#231f20;stroke-linecap:round;stroke-linejoin:round;stroke-width:5px;}.cls-2{fill:#fff;stroke-width:0px;}<\/style><\/defs><g id=\"Layer_1-2\"><rect class=\"cls-2\" width=\"52.55\" height=\"52.55\" rx=\"10\" ry=\"10\" transform=\"translate(52.55 52.55) rotate(180)\"><\/rect><path class=\"cls-1\" d=\"M19.98,10.89c.15.05,15.92,14.43,15.92,14.43l-15.92,16.35\"><\/path><\/g><\/svg>\t\t\t\t\t<\/div>\n\t\t\t\t\n\t\t\t\t\t\t\t\t\t<\/div>\n\t\t\t\t\t\t<\/div>\n\t\t\t\t<\/div>\n\t\t\t\t<\/div>\n\t\t\t\t<\/div>\n\t\t\t\t<\/div>\n\t\t","protected":false},"excerpt":{"rendered":"<p>Radomir Design este un studio de arhitectur\u0103 fondat \u00een Bucure\u0219ti \u00een 2011 de c\u0103tre Arh. Alin Radomir, dedicat cre\u0103rii de [&hellip;]<\/p>\n","protected":false},"author":1,"featured_media":0,"parent":0,"menu_order":0,"comment_status":"closed","ping_status":"closed","template":"","meta":{"site-sidebar-layout":"no-sidebar","site-content-layout":"","ast-site-content-layout":"full-width-container","site-content-style":"default","site-sidebar-style":"default","ast-global-header-display":"","ast-banner-title-visibility":"","ast-main-header-display":"","ast-hfb-above-header-display":"","ast-hfb-below-header-display":"","ast-hfb-mobile-header-display":"","site-post-title":"disabled","ast-breadcrumbs-content":"","ast-featured-img":"disabled","footer-sml-layout":"","theme-transparent-header-meta":"","adv-header-id-meta":"","stick-header-meta":"","header-above-stick-meta":"","header-main-stick-meta":"","header-below-stick-meta":"","astra-migrate-meta-layouts":"default","ast-page-background-enabled":"default","ast-page-background-meta":{"desktop":{"background-color":"var(--ast-global-color-4)","background-image":"","background-repeat":"repeat","background-position":"center center","background-size":"auto","background-attachment":"scroll","background-type":"","background-media":"","overlay-type":"","overlay-color":"","overlay-opacity":"","overlay-gradient":""},"tablet":{"background-color":"","background-image":"","background-repeat":"repeat","background-position":"center center","background-size":"auto","background-attachment":"scroll","background-type":"","background-media":"","overlay-type":"","overlay-color":"","overlay-opacity":"","overlay-gradient":""},"mobile":{"background-color":"","background-image":"","background-repeat":"repeat","background-position":"center center","background-size":"auto","background-attachment":"scroll","background-type":"","background-media":"","overlay-type":"","overlay-color":"","overlay-opacity":"","overlay-gradient":""}},"ast-content-background-meta":{"desktop":{"background-color":"var(--ast-global-color-5)","background-image":"","background-repeat":"repeat","background-position":"center center","background-size":"auto","background-attachment":"scroll","background-type":"","background-media":"","overlay-type":"","overlay-color":"","overlay-opacity":"","overlay-gradient":""},"tablet":{"background-color":"var(--ast-global-color-5)","background-image":"","background-repeat":"repeat","background-position":"center center","background-size":"auto","background-attachment":"scroll","background-type":"","background-media":"","overlay-type":"","overlay-color":"","overlay-opacity":"","overlay-gradient":""},"mobile":{"background-color":"var(--ast-global-color-5)","background-image":"","background-repeat":"repeat","background-position":"center center","background-size":"auto","background-attachment":"scroll","background-type":"","background-media":"","overlay-type":"","overlay-color":"","overlay-opacity":"","overlay-gradient":""}},"footnotes":""},"class_list":["post-19","page","type-page","status-publish","hentry"],"_links":{"self":[{"href":"https:\/\/radomirdesign.ro\/index.php?rest_route=\/wp\/v2\/pages\/19","targetHints":{"allow":["GET"]}}],"collection":[{"href":"https:\/\/radomirdesign.ro\/index.php?rest_route=\/wp\/v2\/pages"}],"about":[{"href":"https:\/\/radomirdesign.ro\/index.php?rest_route=\/wp\/v2\/types\/page"}],"author":[{"embeddable":true,"href":"https:\/\/radomirdesign.ro\/index.php?rest_route=\/wp\/v2\/users\/1"}],"replies":[{"embeddable":true,"href":"https:\/\/radomirdesign.ro\/index.php?rest_route=%2Fwp%2Fv2%2Fcomments&post=19"}],"version-history":[{"count":167,"href":"https:\/\/radomirdesign.ro\/index.php?rest_route=\/wp\/v2\/pages\/19\/revisions"}],"predecessor-version":[{"id":552,"href":"https:\/\/radomirdesign.ro\/index.php?rest_route=\/wp\/v2\/pages\/19\/revisions\/552"}],"wp:attachment":[{"href":"https:\/\/radomirdesign.ro\/index.php?rest_route=%2Fwp%2Fv2%2Fmedia&parent=19"}],"curies":[{"name":"wp","href":"https:\/\/api.w.org\/{rel}","templated":true}]}}